{"id":135443,"date":"2025-01-31T11:52:03","date_gmt":"2025-01-31T09:52:03","guid":{"rendered":"https:\/\/peimar.com\/2-0\/?page_id=135443"},"modified":"2025-02-21T19:10:36","modified_gmt":"2025-02-21T17:10:36","slug":"informativa-privacy","status":"publish","type":"page","link":"https:\/\/www.peimar.com\/it\/informativa-privacy\/","title":{"rendered":"Informativa clienti Peimar Monitoring"},"content":{"rendered":"<div class=\"wpb-content-wrapper\"><div data-parent=\"true\" class=\"vc_row row-container\" id=\"row-unique-0\"><div class=\"row quad-top-padding quad-bottom-padding single-h-padding limit-width row-parent\"><div class=\"wpb_row row-inner\"><div class=\"wpb_column pos-top pos-center align_left column_parent col-lg-12 single-internal-gutter\"><div class=\"uncol style-light\"  ><div class=\"uncoltable\"><div class=\"uncell\" ><div class=\"uncont no-block-padding col-custom-width\" style=\" max-width:65%;\" ><div class=\"uncode_text_column\" ><\/p>\n<p data-fusion-font=\"true\">Ai sensi degli artt. 13 e 14 del Regolamento 2016\/679\/UE (nel seguito \u201cGDPR\u201d) PEIMAR S.R.L. (nel seguito \u201cTitolare\u201d) con sede in Brescia (BS), Via Cefalonia 70 \u2013 25124, nella sua veste di \u201cTitolare del trattamento\u201d, La informa che i Suoi dati personali raccolti ai fini della conclusione del contratto col Cliente e\/o nell\u2019ambito dell\u2019esecuzione e\/o della stipula dello stesso saranno trattati nel rispetto delle normativa citata, al fine di garantire i diritti, le libert\u00e0 fondamentali, nonch\u00e9 la dignit\u00e0 delle persone fisiche, con particolare riferimento alla riservatezza e all\u2019identit\u00e0 personale. La informiamo che qualora le attivit\u00e0 a lei prestate prevedano il trattamento di dati personali di terzi nella sua titolarit\u00e0 sar\u00e0 sua responsabilit\u00e0 assicurare di aver adempiuto a quanto previsto dalla normativa nei riguardi dei soggetti Interessati al fine di rendere legittimo il loro trattamento da parte nostra.<\/p>\n<p>Origine, finalit\u00e0, base giuridica e natura dei dati trattati<br \/>\nIl trattamento dei Suoi dati personali, da Lei direttamente forniti, \u00e8 effettuato da PEIMAR S.R.L. ai fini della conclusione del contratto col Cliente e\/o nell\u2019ambito dell\u2019esecuzione e\/o della stipula dello stesso.\u00a0Altres\u00ec, \u00e8 possibile il verificarsi di un trattamento di dati personali di terzi soggetti comunicati dal Cliente alla Societ\u00e0. Rispetto a tale ipotesi, il Cliente si pone come autonomo titolare del trattamento e si assume i conseguenti obblighi e responsabilit\u00e0 legali, manlevando la Societ\u00e0 rispetto a ogni contestazione, pretesa e\/o richiesta di risarcimento del danno da trattamento che dovesse pervenire alla Societ\u00e0 da terzi interessati.\u00a0Nel rispetto della normativa vigente in materia di protezione dei dati personali e senza necessit\u00e0 di uno specifico consenso da parte dell\u2019Interessato, i Dati saranno archiviati, raccolti e trattati dalla Societ\u00e0 per i seguenti fini:<\/p>\n<ul>\n<li style=\"list-style-type: none;\">\n<ul>\n<li>adempimento a obblighi contrattuali, esecuzione e\/o stipulazione del contratto col Cliente e\/o gestione di eventuali misure precontrattuali;<\/li>\n<li>assolvimento a eventuali obblighi normativi, alle disposizioni fiscali e tributarie derivanti dallo svolgimento dell\u2019attivit\u00e0 d\u2019impresa e a obblighi connessi ad attivit\u00e0 amministrativo-contabili;<\/li>\n<\/ul>\n<\/li>\n<\/ul>\n<p>Le basi giuridiche del trattamento per le finalit\u00e0 a) e b) sopra indicate sono gli artt. 6.1.b) e 6.1.c) del Regolamento.\u00a0Il conferimento dei Dati per i suddetti fini \u00e8 facoltativo, ma l\u2019eventuale mancato conferimento dei Dati stessi e il rifiuto a fornirli comporterebbero l\u2019impossibilit\u00e0 per la Societ\u00e0 di eseguire e\/o stipulare il contratto ed erogare le prestazioni richieste dallo stesso.\u00a0Il trattamento dei Suoi dati personali ha altres\u00ec ad oggetto i seguenti dati, necessari per la registrazione dell\u2019utente, dell\u2019impianto e della societ\u00e0 sulla app della societ\u00e0:<\/p>\n<ul>\n<li style=\"list-style-type: none;\">\n<ul>\n<li>Indirizzo email dell\u2019utente;<\/li>\n<li>Indirizzo dell\u2019impianto e citt\u00e0 di ubicazione dello stesso;<\/li>\n<\/ul>\n<\/li>\n<\/ul>\n<p>I predetti dati vengono raccolti onde di consentire al cliente di registrarsi sull\u2019app di Peimar S.r.l. al fine di analizzare la produzione energetica dell\u2019impianto e di ottimizzare il servizio di assistenza tecnica.\u00a0La base giuridica del trattamento per le predette finalit\u00e0 \u00e8 indicata all\u2019art. 6.1.a) del GDPR in quanto il trattamento \u00e8 basato sul consenso. Il conferimento del consenso all\u2019utilizzo di tali dati \u00e8 facoltativo e, qualora l\u2019interessato desiderasse opporsi al trattamento dei Dati per la registrazione alla app di Peimar S.r.l. nonch\u00e9 revocare il consenso prestato, potr\u00e0 in qualunque momento farlo senza alcuna conseguenza (se non per il fatto che gli sar\u00e0 precluso l\u2019utilizzo della app) seguendo le indicazioni presenti alla sezione dei \u201cDiritti dell\u2019Interessato\u201d della presente Informativa.<\/p>\n<p data-fusion-font=\"true\">Si ricorda infine che per i trattamenti effettuati ai fini di invio diretto di proprio materiale pubblicitario o di propria vendita diretta o per il compimento di proprie ricerche di mercato o di comunicazioni commerciali in relazione a prodotti o servizi analoghi a quelli utilizzati dal Cliente, la Societ\u00e0 pu\u00f2 utilizzare gli indirizzi di posta elettronica o anagrafici ai sensi e nei limiti consentiti dall\u2019art. 130, comma 4 del Codice e dal provvedimento dell\u2019Autorit\u00e0 Garante per la protezione dei dati personali del 19 giugno 2008 anche in assenza di consenso esplicito. La base giuridica del trattamento dei dati per tale finalit\u00e0 \u00e8 l\u2019art. 6, comma 1, lett. f) del GDPR, ferma restando la possibilit\u00e0 di opporsi a tale trattamento in ogni momento, seguendo le indicazioni presenti alla sezione dei \u201cDiritti dell\u2019Interessato\u201d della presente Informativa.<\/p>\n<p data-fusion-font=\"true\">Comunicazione<br \/>\nI dati potranno essere comunicati a soggetti terzi nominati responsabili del trattamento ai sensi dell\u2019articolo 28 del GDPR e in particolare a istituti bancari, a societ\u00e0 attive nel campo assicurativo, a fornitori di servizi strettamente necessari allo svolgimento dell\u2019attivit\u00e0 d\u2019impresa, ovvero a consulenti dell\u2019azienda, ove ci\u00f2 si riveli necessario per ragioni fiscali, amministrative, contrattuali o per esigenze tutelate dalle vigenti normative.<\/p>\n<p data-fusion-font=\"true\">I Suoi dati personali, ovvero i dati personali di terzi nella sua titolarit\u00e0, potranno altres\u00ec essere comunicati a societ\u00e0 esterne, individuate di volta in volta, cui PEIMAR S.R.L. affidi l\u2019esecuzione di obblighi derivanti dall\u2019incarico ricevuto alle quali saranno trasmessi i soli dati necessari alle attivit\u00e0 loro richieste. Tutti i dipendenti, consulenti, interinali e\/o ogni altra \u201cpersona fisica\u201d che svolgono la propria attivit\u00e0 sulla base delle istruzioni ricevute da PEIMAR S.R.L., ai sensi dell\u2019art. 29 del GDPR, sono nominati \u201cIncaricati del trattamento\u201d (nel seguito anche \u201cIncaricati\u201d). Agli Incaricati o ai Responsabili, eventualmente designati, PEIMAR S.R.L. impartisce adeguate istruzioni operative, con particolare riferimento all\u2019adozione ed al rispetto delle misure di sicurezza, al fine di poter garantire la riservatezza e la sicurezza dei dati. Proprio in riferimento agli aspetti di protezione dei dati personali il Cliente \u00e8 invitato, ai sensi dell\u2019art. 33 del GDPR a segnalare a PEIMAR S.R.L. eventuali circostanze o eventi dai quali possa discendere una potenziale \u201cviolazione dei dati personali (data breach)\u201d al fine di consentire una immediata valutazione e l\u2019adozione di eventuali azioni volte a contrastare tale evento inviando una comunicazione a PEIMAR S.R.L. ai recapiti nel seguito indicati.<br \/>\nI Dati non saranno diffusi.<br \/>\nResta fermo l\u2019obbligo di PEIMAR S.R.L. di comunicare i dati ad Autorit\u00e0 Pubbliche su specifica richiesta.<\/p>\n<p data-fusion-font=\"true\">Trasferimento all\u2019estero<br \/>\nI dati raccolti non subiscono trasferimenti su server in paesi extraeuropei.<br \/>\nModalit\u00e0, logiche del trattamento e tempi di conservazione<br \/>\nI Suoi dati sono raccolti e registrati in modo lecito e secondo correttezza per le finalit\u00e0 sopra indicate nel rispetto dei principi e delle prescrizioni di cui all\u2019art. 5 c 1 del GDPR.<br \/>\nIl trattamento dei dati personali avviene mediante strumenti manuali, informatici e telematici con logiche strettamente correlate alle finalit\u00e0 stesse e, comunque, in modo da garantirne la sicurezza e la riservatezza.<\/p>\n<p data-fusion-font=\"true\">I Dati personali verranno trattati da PEIMAR S.R.L. per tutta la durata dell\u2019incarico ed anche successivamente per far valere o tutelare i propri diritti ovvero per finalit\u00e0 amministrative e\/o per dare esecuzione ad obblighi derivanti dal quadro regolamentare e normativo pro tempore applicabile e nel rispetto degli specifici obblighi di legge sulla conservazione dei dati.<\/p>\n<p data-fusion-font=\"true\">Diritti dell\u2019Interessato<br \/>\nIn conformit\u00e0, nei limiti ed alle condizioni previste dalla normativa in materia di protezione dati personali riguardo l\u2019esercizio dei diritti degli Interessati [1] per quanto concerne i trattamenti oggetto della presente Informativa, in qualit\u00e0 di Interessato Lei ha il diritto di chiedere conferma che sia o meno in corso un trattamento di suoi dati personali, accedere ai dati personali che La riguardano ed in relazione ad essi ha il diritto di richiederne la rettifica, la cancellazione, la notifica delle rettifiche e delle cancellazioni ai coloro i quali i dati sono stati eventualmente trasmessi dalla nostra Organizzazione, la limitazione del trattamento nelle ipotesi previste dalla norma, la portabilit\u00e0 dei dati personali \u2013 da Lei forniti \u2013 nei casi indicati dalla norma, di opporsi al trattamento dei suoi dati e, specificamente, ha il diritto di opporsi a decisioni che lo riguardano se basate unicamente su trattamenti automatizzati dei suoi dati, profilazione inclusa. Nel caso in cui ritenga che i trattamenti che La riguardano violino le norme del GDPR, ha diritto a proporre reclamo al Garante ai sensi dell\u2019art. 77 del GDPR.\u00a0Se intende richiedere ulteriori informazioni sul trattamento dei Suoi dati personali o per l\u2019eventuale esercizio dei Suoi diritti, potr\u00e0 rivolgersi per iscritto a Marco Casale (info@peimar.com).<\/p>\n<p data-fusion-font=\"true\">Titolare del Trattamento<br \/>\nTitolare del trattamento, ai sensi dell\u2019art. 4 del GDPR, \u00e8 PEIMAR S.R.L., Via\u00a0Cefalonia 70\u00a0\u2013 25124\u00a0Brescia (BS) P.IVA: 03416340986 \u2013 CF: 03416340986<\/p>\n<p>Data Protection Officer<br \/>\nIl DPO (Data Protection Officer) nominato dal Titolare del Trattamento ai sensi degli artt. 37 e ss. GDPR potr\u00e0 essere contattato all\u2019indirizzo email privacy@peimar.com<\/p>\n<p>Il Titolare del trattamento<br \/>\nPEIMAR S.R.L.<br \/>\n30\/10\/2020<\/p>\n<\/div><div class=\"uncode_text_column text-small\" ><p>[1] ex Art.12 e Art. 15-22 del Regolamento 2016\/679\/UE<\/p>\n<\/div><\/div><\/div><\/div><\/div><\/div><script id=\"script-row-unique-0\" data-row=\"script-row-unique-0\" type=\"text\/javascript\" class=\"vc_controls\">UNCODE.initRow(document.getElementById(\"row-unique-0\"));<\/script><\/div><\/div><\/div>\n<\/div>","protected":false},"excerpt":{"rendered":"Ai sensi degli artt. 13 e 14 del Regolamento 2016\/679\/UE (nel seguito \u201cGDPR\u201d) PEIMAR S.R.L. (nel seguito \u201cTitolare\u201d) con sede [...]","protected":false},"author":17,"featured_media":0,"parent":0,"menu_order":0,"comment_status":"closed","ping_status":"closed","template":"","meta":{"footnotes":""},"class_list":["post-135443","page","type-page","status-publish","hentry"],"_links":{"self":[{"href":"https:\/\/www.peimar.com\/it\/wp-json\/wp\/v2\/pages\/135443","targetHints":{"allow":["GET"]}}],"collection":[{"href":"https:\/\/www.peimar.com\/it\/wp-json\/wp\/v2\/pages"}],"about":[{"href":"https:\/\/www.peimar.com\/it\/wp-json\/wp\/v2\/types\/page"}],"author":[{"embeddable":true,"href":"https:\/\/www.peimar.com\/it\/wp-json\/wp\/v2\/users\/17"}],"replies":[{"embeddable":true,"href":"https:\/\/www.peimar.com\/it\/wp-json\/wp\/v2\/comments?post=135443"}],"version-history":[{"count":0,"href":"https:\/\/www.peimar.com\/it\/wp-json\/wp\/v2\/pages\/135443\/revisions"}],"wp:attachment":[{"href":"https:\/\/www.peimar.com\/it\/wp-json\/wp\/v2\/media?parent=135443"}],"curies":[{"name":"wp","href":"https:\/\/api.w.org\/{rel}","templated":true}]}}